{"id":10,"date":"2026-04-11T19:59:24","date_gmt":"2026-04-11T19:59:24","guid":{"rendered":"http:\/\/www.mmc-toiture.com\/?page_id=10"},"modified":"2026-05-07T15:08:19","modified_gmt":"2026-05-07T15:08:19","slug":"acceuil","status":"publish","type":"page","link":"https:\/\/www.mmc-toiture.com\/","title":{"rendered":"Accueil"},"content":{"rendered":"\t\t<div data-elementor-type=\"wp-page\" data-elementor-id=\"10\" class=\"elementor elementor-10\">\n\t\t\t\t<div class=\"elementor-element elementor-element-b3179c3 e-con-full e-flex e-con e-parent\" data-id=\"b3179c3\" data-element_type=\"container\" data-e-type=\"container\">\n\t\t\t\t<div class=\"elementor-element elementor-element-2f19ca1 elementor-widget elementor-widget-shortcode\" data-id=\"2f19ca1\" data-element_type=\"widget\" data-e-type=\"widget\" data-widget_type=\"shortcode.default\">\n\t\t\t\t\t\t\t<div class=\"elementor-shortcode\">\r\n    <script src=\"https:\/\/cdn.tailwindcss.com\"><\/script>\r\n    <script defer src=\"https:\/\/unpkg.com\/alpinejs@3.x.x\/dist\/cdn.min.js\"><\/script>\r\n    <link rel=\"stylesheet\" href=\"https:\/\/cdnjs.cloudflare.com\/ajax\/libs\/font-awesome\/6.0.0\/css\/all.min.css\">\r\n\r\n    <style>\r\n        :root { \r\n            --mmc-blue: #7dd3fc; \r\n            --mmc-dark: #515151;\r\n\t\t\t--mmc-white: #ffffff;\r\n        }\r\n        .text-mmc-blue { color: var(--mmc-blue); }\r\n        .bg-mmc-blue { background-color: var(--mmc-blue); }\r\n        .border-mmc-blue { border-color: var(--mmc-blue); }\r\n        \r\n        @keyframes marquee {\r\n            0% { transform: translateX(0); }\r\n            100% { transform: translateX(-50%); }\r\n        }\r\n        .animate-marquee {\r\n            display: flex;\r\n            width: 100%;\r\n            animation: marquee 25s linear infinite; \r\n        }\r\n    <\/style>\r\n\r\n    <div class=\"antialiased bg-white text-gray-900 font-sans\">\r\n        \r\n        <section x-data=\"{ activeSlide: 1 }\" x-init=\"setInterval(() => { activeSlide = activeSlide === 3 ? 1 : activeSlide + 1 }, 6000)\" class=\"relative w-screen left-1\/2 -translate-x-1\/2 h-[300px] md:h-[400px] lg:h-[450px] overflow-hidden bg-black\">\r\n            \r\n            <div x-show=\"activeSlide === 1\" x-transition.opacity.duration.1000ms class=\"absolute inset-0\">\r\n                <div class=\"absolute inset-0 bg-cover bg-center opacity-50\" style=\"background-image: url('http:\/\/www.mmc-toiture.com\/wp-content\/uploads\/2026\/05\/IMG_6800-e1778161174448.png'); background-attachment: fixed;\"><\/div>\r\n                <div class=\"relative flex items-center justify-center h-full text-center text-white px-4\">\r\n                    <div class=\"max-w-5xl\">\r\n                        <h2 class=\"text-3xl md:text-5xl lg:text-4xl text-white uppercase tracking-tight leading-tight\">\r\n    Couvreur professionnel <span class=\"text-mmc-blue\"> en Seine-et-Marne (77)<\/span> \r\n<\/h2>\r\n                    <\/div>\r\n                <\/div>\r\n            <\/div>\r\n\r\n            <div x-show=\"activeSlide === 2\" x-transition.opacity.duration.1000ms class=\"absolute inset-0\">\r\n                <div class=\"absolute inset-0 bg-cover bg-center opacity-50\" style=\"background-image: url('http:\/\/www.mmc-toiture.com\/wp-content\/uploads\/2026\/05\/top-view-prague-scaled.jpg'); background-attachment: fixed\"><\/div>\r\n                <div class=\"relative flex items-center justify-center h-full text-center text-white px-4\">\r\n                    <div class=\"max-w-5xl\">\r\n                        <h2 class=\"text-3xl md:text-5xl lg:text-4xl text-white uppercase tracking-tight leading-tight\">\r\n                            <span class=\"text-mmc-blue\">Val-de-Marne (94)<\/span> et <span class=\"text-mmc-blue\">Seine-Saint-Denis (93)<\/span> \r\n                        <\/h2>\r\n                    <\/div>\r\n                <\/div>\r\n            <\/div>\r\n\r\n            <div x-show=\"activeSlide === 3\" x-transition.opacity.duration.1000ms class=\"absolute inset-0\">\r\n                <div class=\"absolute inset-0 bg-cover bg-center opacity-50\" style=\"background-image: url('http:\/\/www.mmc-toiture.com\/wp-content\/uploads\/2026\/05\/high-angle-shot-cityscape-st-gallen-switzerland-winter-with-snow-roofs-scaled.jpg'); background-attachment: fixed\"><\/div>\r\n                <div class=\"relative flex items-center justify-center h-full text-center text-white px-4\">\r\n                    <div class=\"max-w-5xl\">\r\n                        <h2 class=\"text-3xl md:text-5xl lg:text-4xl text-white uppercase tracking-tight leading-tight\">\r\n                            Et au-del\u00e0 depuis <span class=\"text-mmc-blue\">20 ans<\/span> \r\n                        <\/h2>\r\n                    <\/div>\r\n                <\/div>\r\n            <\/div>\r\n        <\/section>\r\n\t\t<section class=\"relative w-screen left-1\/2 right-1\/2 -ml-[50vw] -mr-[50vw] bg-black text-white py-4\">\r\n    <div class=\"bg-black text-mmc-blue py-0 overflow-hidden border-t border-white\/10 w-full\">\r\n        \r\n        <div class=\"animate-marquee whitespace-nowrap uppercase font-bold italic tracking-widest text-sm flex items-center\">\r\n\r\n            <span class=\"pl-10 pr-20\">tel:0644028631<\/span>\r\n\r\n            <span class=\"pr-20\">Appelez-nous gratuitement pour obtenir rapidement un devis d\u00e9taill\u00e9 gratuitement.<\/span>\r\n            \r\n            <span class=\"pl-10 pr-20\">tel:0644028631<\/span>\r\n            <span class=\"pr-20\">Appelez-nous gratuitement pour obtenir rapidement un devis d\u00e9taill\u00e9 gratuitement.<\/span>\r\n        <\/div>\r\n    <\/div>\r\n<\/section>\r\n        <section class=\"py-10 md:py-16 bg-white text-center border-b border-gray-100\">\r\n            <div class=\"container mx-auto px-6\">\r\n                <h1 class=\"text-2xl md:text-4xl lg:text-5xl text-gray-700 uppercase leading-tight\">\r\n                    MMC-Couverture dirig\u00e9e par Michel vous propose : \r\n                <\/h1>\r\n                <div class=\"w-20 h-1.5 bg-mmc-blue mx-auto mt-6\"><\/div>\r\n            <\/div>\r\n        <\/section>\r\n\r\n        <section class=\"py-12 bg-mmc-blue\">\r\n            <div class=\"container mx-auto px-6\">\r\n                <div class=\"flex flex-col md:flex-row items-center justify-between gap-6 text-black\">\r\n                    <div>\r\n                        <h2 class=\"text-3xl md:text-4xl font-black uppercase mb-2\">Urgence toiture \u26a0\ufe0f <\/h2>\r\n                        <p class=\"text-lg md:text-xl font-bold italic\">\r\n                            Nous intervenons 7j\/7 en cas d\u2019infiltration, d\u00e9g\u00e2ts des eaux ou tuiles envol\u00e9es. \r\n                        <\/p>\r\n                    <\/div>\r\n                    <a href=\"tel:0644028631\" class=\"bg-black text-white px-8 py-4 rounded-sm font-black hover:scale-105 transition transform shadow-xl\">\r\n                        APPEL 7J\/7 \r\n                    <\/a>\r\n                <\/div>\r\n            <\/div>\r\n        <\/section>\r\n\r\n        <section class=\"py-16 bg-gray-50 px-6\">\r\n            <div class=\"container mx-auto\">\r\n                <div class=\"max-w-5xl mx-auto grid grid-cols-1 md:grid-cols-2 gap-12 items-center\">\r\n                    <div>\r\n                        <h2 class=\"text-2xl md:text-3xl font-black text-gray-800 mb-8 uppercase border-l-4 border-mmc-blue pl-4\">\r\n                            Pour des travaux structurels : \r\n                        <\/h2>\r\n                        <ul class=\"space-y-4\">\r\n                            <li class=\"flex items-center gap-3 text-lg font-medium\">\r\n                                <i class=\"fas fa-caret-right text-mmc-blue\"><\/i> R\u00e9paration toiture selon les r\u00e8gles de l\u2019art \r\n                            <\/li>\r\n                            <li class=\"flex items-center gap-3 text-lg font-medium\">\r\n                                <i class=\"fas fa-caret-right text-mmc-blue\"><\/i> R\u00e9novation de toiture neuve ou ancienne \r\n                            <\/li>\r\n                            <li class=\"flex items-center gap-3 text-lg font-medium\">\r\n                                <i class=\"fas fa-caret-right text-mmc-blue\"><\/i> Zinguerie \u2013 goutti\u00e8res \u2013 \u00e9tanch\u00e9it\u00e9 \r\n                            <\/li>\r\n                            <li class=\"flex items-center gap-3 text-lg font-medium\">\r\n                                <i class=\"fas fa-caret-right text-mmc-blue\"><\/i> Isolation thermique des combles \r\n                            <\/li>\r\n                        <\/ul>\r\n                    <\/div>\r\n                    <div class=\"bg-white p-8 rounded-lg border-b-8 border-mmc-blue shadow-2xl flex flex-col items-center justify-center text-center\">\r\n\t\t\t\t\t<img  \r\n\t\t\t\t\t\t alt=\"Garantie D\u00e9cennale 10 ans\" \r\n\t\t\t\t\t\t class=\"w-75 h-auto mb-4 bg-white p-2 rounded block mx-auto lws-optimize-lazyload\" data-src=\"http:\/\/www.mmc-toiture.com\/wp-content\/uploads\/2026\/05\/sdfqsdfqsf.png\">\r\n\t\t\t\t\t<p class=\"text-gray-500 mt-2 text-sm\">\r\n\t\t\t\t\t\tS\u00e9curit\u00e9 et s\u00e9r\u00e9nit\u00e9 pour votre habitat.\r\n\t\t\t\t\t<\/p>\r\n\t\t\t\t<\/div>\r\n                <\/div>\r\n            <\/div>\r\n        <\/section>\r\n\r\n    <\/div>\r\n\r\n    <\/div>\n\t\t\t\t\t\t<\/div>\n\t\t\t\t<\/div>\n\t\t\t\t<\/div>\n\t\t","protected":false},"excerpt":{"rendered":"","protected":false},"author":1,"featured_media":0,"parent":0,"menu_order":0,"comment_status":"closed","ping_status":"closed","template":"","meta":{"_acf_changed":false,"site-sidebar-layout":"default","site-content-layout":"","ast-site-content-layout":"default","site-content-style":"default","site-sidebar-style":"default","ast-global-header-display":"","ast-banner-title-visibility":"","ast-main-header-display":"","ast-hfb-above-header-display":"","ast-hfb-below-header-display":"","ast-hfb-mobile-header-display":"","site-post-title":"disabled","ast-breadcrumbs-content":"","ast-featured-img":"","footer-sml-layout":"","ast-disable-related-posts":"","theme-transparent-header-meta":"","adv-header-id-meta":"","stick-header-meta":"","header-above-stick-meta":"","header-main-stick-meta":"","header-below-stick-meta":"","astra-migrate-meta-layouts":"default","ast-page-background-enabled":"default","ast-page-background-meta":{"desktop":{"background-color":"var(--ast-global-color-5)","background-image":"","background-repeat":"repeat","background-position":"center center","background-size":"auto","background-attachment":"scroll","background-type":"","background-media":"","overlay-type":"","overlay-color":"","overlay-opacity":"","overlay-gradient":""},"tablet":{"background-color":"","background-image":"","background-repeat":"repeat","background-position":"center center","background-size":"auto","background-attachment":"scroll","background-type":"","background-media":"","overlay-type":"","overlay-color":"","overlay-opacity":"","overlay-gradient":""},"mobile":{"background-color":"","background-image":"","background-repeat":"repeat","background-position":"center center","background-size":"auto","background-attachment":"scroll","background-type":"","background-media":"","overlay-type":"","overlay-color":"","overlay-opacity":"","overlay-gradient":""}},"ast-content-background-meta":{"desktop":{"background-color":"var(--ast-global-color-4)","background-image":"","background-repeat":"repeat","background-position":"center center","background-size":"auto","background-attachment":"scroll","background-type":"","background-media":"","overlay-type":"","overlay-color":"","overlay-opacity":"","overlay-gradient":""},"tablet":{"background-color":"var(--ast-global-color-4)","background-image":"","background-repeat":"repeat","background-position":"center center","background-size":"auto","background-attachment":"scroll","background-type":"","background-media":"","overlay-type":"","overlay-color":"","overlay-opacity":"","overlay-gradient":""},"mobile":{"background-color":"var(--ast-global-color-4)","background-image":"","background-repeat":"repeat","background-position":"center center","background-size":"auto","background-attachment":"scroll","background-type":"","background-media":"","overlay-type":"","overlay-color":"","overlay-opacity":"","overlay-gradient":""}},"footnotes":""},"class_list":["post-10","page","type-page","status-publish","hentry"],"acf":[],"_links":{"self":[{"href":"https:\/\/www.mmc-toiture.com\/index.php\/wp-json\/wp\/v2\/pages\/10","targetHints":{"allow":["GET"]}}],"collection":[{"href":"https:\/\/www.mmc-toiture.com\/index.php\/wp-json\/wp\/v2\/pages"}],"about":[{"href":"https:\/\/www.mmc-toiture.com\/index.php\/wp-json\/wp\/v2\/types\/page"}],"author":[{"embeddable":true,"href":"https:\/\/www.mmc-toiture.com\/index.php\/wp-json\/wp\/v2\/users\/1"}],"replies":[{"embeddable":true,"href":"https:\/\/www.mmc-toiture.com\/index.php\/wp-json\/wp\/v2\/comments?post=10"}],"version-history":[{"count":0,"href":"https:\/\/www.mmc-toiture.com\/index.php\/wp-json\/wp\/v2\/pages\/10\/revisions"}],"wp:attachment":[{"href":"https:\/\/www.mmc-toiture.com\/index.php\/wp-json\/wp\/v2\/media?parent=10"}],"curies":[{"name":"wp","href":"https:\/\/api.w.org\/{rel}","templated":true}]}}